{"id":6806,"date":"2024-06-23T11:20:28","date_gmt":"2024-06-23T10:20:28","guid":{"rendered":"https:\/\/montisacn.com\/?page_id=6806"},"modified":"2025-09-01T21:13:42","modified_gmt":"2025-09-01T20:13:42","slug":"fund-for-buying-more-land","status":"publish","type":"page","link":"https:\/\/montisacn.com\/en\/fund-for-buying-more-land\/","title":{"rendered":"Fund for buying more land"},"content":{"rendered":"<p>[et_pb_section fb_built=&#8221;1&#8243; fullwidth=&#8221;on&#8221; admin_label=&#8221;Section&#8221; _builder_version=&#8221;4.16&#8243; background_color=&#8221;rgba(0,0,0,0)&#8221; background_image=&#8221;https:\/\/montisacn.com\/wp-content\/uploads\/2020\/09\/20200806_085413-scaled.jpg&#8221; parallax=&#8221;on&#8221; parallax_method=&#8221;off&#8221; global_colors_info=&#8221;{}&#8221;][et_pb_fullwidth_header text_orientation=&#8221;center&#8221; _builder_version=&#8221;4.16&#8243; title_font_size=&#8221;36px&#8221; background_color=&#8221;rgba(0,0,0,0)&#8221; custom_padding=&#8221;26px||12px|||&#8221; title_text_shadow_style=&#8221;preset1&#8243; global_colors_info=&#8221;{}&#8221;]<\/p>\n<h1><img loading=\"lazy\" decoding=\"async\" class=\"wp-image-161 alignnone size-full\" src=\"https:\/\/montisacn.com\/wp-content\/uploads\/2018\/07\/Barra.jpg\" alt=\"\" width=\"50\" height=\"2\" \/>\u00a0 &#8220;<span style=\"\">We must have it with care<\/span>&#8221; <img loading=\"lazy\" decoding=\"async\" class=\"wp-image-161 alignnone size-full\" src=\"https:\/\/montisacn.com\/wp-content\/uploads\/2018\/07\/Barra.jpg\" alt=\"\" width=\"50\" height=\"2\" \/><\/h1>\n<p>[\/et_pb_fullwidth_header][\/et_pb_section][et_pb_section fb_built=&#8221;1&#8243; _builder_version=&#8221;4.16&#8243; custom_padding=&#8221;0px||0px|||&#8221; global_colors_info=&#8221;{}&#8221;][et_pb_row column_structure=&#8221;1_2,1_2&#8243; _builder_version=&#8221;4.16&#8243; global_colors_info=&#8221;{}&#8221;][et_pb_column type=&#8221;1_2&#8243; _builder_version=&#8221;4.16&#8243; global_colors_info=&#8221;{}&#8221;][et_pb_text _builder_version=&#8221;4.16&#8243; header_2_font=&#8221;|700|on||||||&#8221; header_2_text_align=&#8221;center&#8221; header_2_font_size=&#8221;35px&#8221; custom_margin=&#8221;29px||24px|||&#8221; header_2_font_size_tablet=&#8221;30px&#8221; header_2_font_size_phone=&#8221;18px&#8221; header_2_font_size_last_edited=&#8221;on|phone&#8221; global_colors_info=&#8221;{}&#8221;]<\/p>\n<h2><img loading=\"lazy\" decoding=\"async\" class=\"wp-image-161 alignnone size-full\" src=\"https:\/\/montisacn.com\/wp-content\/uploads\/2018\/07\/Barra.jpg\" alt=\"\" width=\"50\" height=\"2\" \/>\u00a0 <span style=\"\">Contribute to the fund<\/span>\u00a0 <img loading=\"lazy\" decoding=\"async\" class=\"wp-image-161 alignnone size-full\" src=\"https:\/\/montisacn.com\/wp-content\/uploads\/2018\/07\/Barra.jpg\" alt=\"\" width=\"50\" height=\"2\" \/><\/h2>\n<p>[\/et_pb_text][et_pb_text _builder_version=&#8221;4.16&#8243; custom_margin=&#8221;||1px|||&#8221; global_colors_info=&#8221;{}&#8221;]<\/p>\n<p style=\"text-align: left;\"><span style=\"font-size: 14px;\">You can make a donation to our land purchase fund using the details below. <\/span><\/p>\n<p style=\"text-align: left;\"><span style=\"font-size: 14px;\">After the donation, send us a proof of payment. You will receive a confirmation\/receipt and you will be able to follow the developments of the land purchase on this page or on our <a href=\"http:\/\/montisacn.blogspot.com\" target=\"_blank\" rel=\"noopener noreferrer\">blog<\/a>.<\/span><\/p>\n<p>&nbsp;<\/p>\n<p>[\/et_pb_text][et_pb_toggle title=&#8221;BANK TRANSFER&#8221; open=&#8221;on&#8221; admin_label=&#8221;Toggle&#8221; _builder_version=&#8221;4.16&#8243; title_text_color=&#8221;#e06100&#8243; global_colors_info=&#8221;{}&#8221;]<\/p>\n<p>MONTIS &#8211; Associa\u00e7\u00e3o para a Gest\u00e3o e Conserva\u00e7\u00e3o da Natureza<br \/>Cr\u00e9dito Agr\u00edcola &#8211; IBAN PT50 0045 3190 4039 0606 495 75<br \/>BIC\/SWIFT: CCCMPTPL<\/p>\n<p>[\/et_pb_toggle][et_pb_toggle title=&#8221;PAYPAL&#8221; open=&#8221;on&#8221; _builder_version=&#8221;4.16&#8243; title_text_color=&#8221;#e06100&#8243; global_colors_info=&#8221;{}&#8221;]<\/p>\n<p><span>www.paypal.me\/montisacn<\/span><\/p>\n<p>[\/et_pb_toggle][et_pb_toggle title=&#8221;MBWAY&#8221; open=&#8221;on&#8221; _builder_version=&#8221;4.16&#8243; title_text_color=&#8221;#e06100&#8243; global_colors_info=&#8221;{}&#8221;]<\/p>\n<p><span>925 840 014<\/span><\/p>\n<p>[\/et_pb_toggle][\/et_pb_column][et_pb_column type=&#8221;1_2&#8243; _builder_version=&#8221;4.16&#8243; global_colors_info=&#8221;{}&#8221;][et_pb_text _builder_version=&#8221;4.16&#8243; header_2_font=&#8221;|700|on||||||&#8221; header_2_text_align=&#8221;center&#8221; header_2_font_size=&#8221;35px&#8221; custom_margin=&#8221;29px||24px|||&#8221; header_2_font_size_tablet=&#8221;30px&#8221; header_2_font_size_phone=&#8221;18px&#8221; header_2_font_size_last_edited=&#8221;on|phone&#8221; global_colors_info=&#8221;{}&#8221;]<\/p>\n<h2><img loading=\"lazy\" decoding=\"async\" class=\"wp-image-161 alignnone size-full\" src=\"https:\/\/montisacn.com\/wp-content\/uploads\/2018\/07\/Barra.jpg\" alt=\"\" width=\"50\" height=\"2\" \/>\u00a0 <span style=\"\">Updated balance<\/span>\u00a0 <img loading=\"lazy\" decoding=\"async\" class=\"wp-image-161 alignnone size-full\" src=\"https:\/\/montisacn.com\/wp-content\/uploads\/2018\/07\/Barra.jpg\" alt=\"\" width=\"50\" height=\"2\" \/><\/h2>\n<p>[\/et_pb_text][et_pb_text _builder_version=&#8221;4.27.4&#8243; custom_margin=&#8221;||5px|||&#8221; hover_enabled=&#8221;0&#8243; global_colors_info=&#8221;{}&#8221; sticky_enabled=&#8221;0&#8243;]<\/p>\n<p>15.06.2024: 10 376,09 \u20ac<br \/>\n30.06.2024: 10 876,09 \u20ac<br \/>\n15.07.2024: 10 976,09 \u20ac<br \/>\n31.08.2024: 11 076,09 \u20ac<br \/>\n30.11.2024: 11 141,09 \u20ac<br \/>\n31.12.2024: 11 241,09 \u20ac<br \/>\n28.02.2025: 11 291,09 \u20ac<br \/>\n30.04.2025: 11 551,09 \u20ac<br \/>\n31.05.2025: 11 851,09 \u20ac<br \/>\n31.08.2025: 12 073.94  \u20ac<\/p>\n<p>[\/et_pb_text][et_pb_text _builder_version=&#8221;4.16&#8243; header_2_font=&#8221;|700|on||||||&#8221; header_2_text_align=&#8221;center&#8221; header_2_font_size=&#8221;35px&#8221; custom_margin=&#8221;29px||24px|||&#8221; header_2_font_size_tablet=&#8221;30px&#8221; header_2_font_size_phone=&#8221;18px&#8221; header_2_font_size_last_edited=&#8221;on|phone&#8221; global_colors_info=&#8221;{}&#8221;]<\/p>\n<h2><img loading=\"lazy\" decoding=\"async\" class=\"wp-image-161 alignnone size-full\" src=\"https:\/\/montisacn.com\/wp-content\/uploads\/2018\/07\/Barra.jpg\" alt=\"\" width=\"50\" height=\"2\" \/>\u00a0 <span style=\"\">Transaction history<\/span>\u00a0 <img loading=\"lazy\" decoding=\"async\" class=\"wp-image-161 alignnone size-full\" src=\"https:\/\/montisacn.com\/wp-content\/uploads\/2018\/07\/Barra.jpg\" alt=\"\" width=\"50\" height=\"2\" \/><\/h2>\n<p>[\/et_pb_text][et_pb_text _builder_version=&#8221;4.27.4&#8243; custom_margin=&#8221;||5px|||&#8221; hover_enabled=&#8221;0&#8243; global_colors_info=&#8221;{}&#8221; sticky_enabled=&#8221;0&#8243;]<\/p>\n<p>Value of unconditional contributions received through the crowdfunding campaign<em> &#8220;<\/em>We must have it with care<em>&#8221; <\/em>(https:\/\/ppl.pt\/en\/montis<em>)<\/em><\/p>\n<p>+ 500 \u20ac received in June 2024<br \/>\n+ 100 \u20ac received in July 2024<br \/>\n+ 100 \u20ac received in August 2024<br \/>\n+ 25 \u20ac received in October 2024<br \/>\n+ 40 \u20ac received in November 2024<br \/>\n+ 100 \u20ac received in December 2024<br \/>\n+ 50 \u20ac received in February 2025<br \/>\n+ 260 \u20ac received in April 2025<br \/>\n+ 300 \u20ac received in May 2025<br \/>\n+ 222,85 \u20ac 1% of MONTIS&#8217;s revenues 2024<\/p>\n<\/p>\n<p>[\/et_pb_text][et_pb_text _builder_version=&#8221;4.16&#8243; _module_preset=&#8221;default&#8221; header_2_font=&#8221;|700|on||||||&#8221; header_2_font_size=&#8221;35px&#8221; global_colors_info=&#8221;{}&#8221;]<\/p>\n<h2 style=\"text-align: center;\"><img loading=\"lazy\" decoding=\"async\" class=\"wp-image-161 alignnone size-full\" src=\"https:\/\/montisacn.com\/wp-content\/uploads\/2018\/07\/Barra.jpg\" alt=\"\" width=\"50\" height=\"2\" \/>\u00a0 <span style=\"\">Tax benefits<\/span>\u00a0 <img loading=\"lazy\" decoding=\"async\" class=\"wp-image-161 alignnone size-full\" src=\"https:\/\/montisacn.com\/wp-content\/uploads\/2018\/07\/Barra.jpg\" alt=\"\" width=\"50\" height=\"2\" \/><\/h2>\n<p>[\/et_pb_text][et_pb_text _builder_version=&#8221;4.16&#8243; _module_preset=&#8221;default&#8221; global_colors_info=&#8221;{}&#8221;]<\/p>\n<p><u>In the case of corporate donations to MONTIS, i.e., in terms of IRC:<\/u><\/p>\n<p>Donations received from corporate patrons fall within the scope of Article 62(6)(c) of the Tax Benefits Statute (EBF) and, therefore<b>, are incurred at costs, in an amount corresponding to 120%<\/b> (Article 62(7)(a)).<\/p>\n<p><u>In the case of donations from individuals to MONTIS, i.e., in terms of personal income tax:<\/u><\/p>\n<p>Donations received from individuals are <b>deductible from the collection in an amount corresponding to 25% of the amount delivered<\/b>, with a limit of 15% of the collection (in case they have not been accounted for as costs), in accordance with paragraph 1 of article 63 of the EBF.<\/p>\n<p>To enjoy the benefit, the donor must register the donated amount in the IRS declaration, using the codes indicated in the instructions in the corresponding annex. Keep the receipt: <b>receipt<\/b> with the mention &#8220;<b>donativo<\/b>&#8220;, if you paid in cash or cheque, or a receipt, if you made a transfer, direct deposit or opted for ATM.<\/p>\n<p>[\/et_pb_text][et_pb_button button_url=&#8221;https:\/\/montisacn.com\/en\/contacts\/&#8221; url_new_window=&#8221;on&#8221; button_text=&#8221;CONTACTS&#8221; button_alignment=&#8221;center&#8221; _builder_version=&#8221;4.16&#8243; global_colors_info=&#8221;{}&#8221;][\/et_pb_button][\/et_pb_column][\/et_pb_row][\/et_pb_section][et_pb_section fb_built=&#8221;1&#8243; custom_padding_last_edited=&#8221;on|desktop&#8221; disabled_on=&#8221;on|on|on&#8221; admin_label=&#8221;Section&#8221; _builder_version=&#8221;4.16&#8243; custom_margin=&#8221;|||&#8221; custom_padding=&#8221;0px|0px|0|0|false|false&#8221; custom_padding_tablet=&#8221;|0px||&#8221; custom_padding_phone=&#8221;&#8221; disabled=&#8221;on&#8221; global_colors_info=&#8221;{}&#8221;][et_pb_row column_structure=&#8221;1_2,1_2&#8243; admin_label=&#8221;Row&#8221; _builder_version=&#8221;4.16&#8243; background_size=&#8221;initial&#8221; background_position=&#8221;top_left&#8221; background_repeat=&#8221;repeat&#8221; global_colors_info=&#8221;{}&#8221;][et_pb_column type=&#8221;1_2&#8243; _builder_version=&#8221;4.16&#8243; custom_padding=&#8221;|||&#8221; global_colors_info=&#8221;{}&#8221; custom_padding__hover=&#8221;|||&#8221;][et_pb_video src=&#8221;https:\/\/www.youtube.com\/watch?v=t-hYYZTm-b4&#8243; _builder_version=&#8221;4.16&#8243; z_index_tablet=&#8221;500&#8243; box_shadow_horizontal_tablet=&#8221;0px&#8221; box_shadow_vertical_tablet=&#8221;0px&#8221; box_shadow_blur_tablet=&#8221;40px&#8221; box_shadow_spread_tablet=&#8221;0px&#8221; global_colors_info=&#8221;{}&#8221;][\/et_pb_video][\/et_pb_column][et_pb_column type=&#8221;1_2&#8243; _builder_version=&#8221;4.16&#8243; custom_padding=&#8221;|||&#8221; global_colors_info=&#8221;{}&#8221; custom_padding__hover=&#8221;|||&#8221;][et_pb_video src=&#8221;https:\/\/www.youtube.com\/watch?v=WWqhFXQFFXk&#8221; _builder_version=&#8221;4.16&#8243; z_index_tablet=&#8221;500&#8243; box_shadow_horizontal_tablet=&#8221;0px&#8221; box_shadow_vertical_tablet=&#8221;0px&#8221; box_shadow_blur_tablet=&#8221;40px&#8221; box_shadow_spread_tablet=&#8221;0px&#8221; global_colors_info=&#8221;{}&#8221;][\/et_pb_video][\/et_pb_column][\/et_pb_row][\/et_pb_section]<\/p>\n","protected":false},"excerpt":{"rendered":"<p>\u00a0 &#8220;We must have it with care&#8221; \u00a0 Contribute to the fund\u00a0 You can make a donation to our land purchase fund using the details below. After the donation, send us a proof of payment. You will receive a confirmation\/receipt and you will be able to follow the developments of the land purchase on this [&hellip;]<\/p>\n","protected":false},"author":1,"featured_media":6768,"parent":0,"menu_order":0,"comment_status":"closed","ping_status":"closed","template":"","meta":{"_et_pb_use_builder":"on","_et_pb_old_content":"","_et_gb_content_width":"","footnotes":""},"class_list":["post-6806","page","type-page","status-publish","has-post-thumbnail","hentry"],"_links":{"self":[{"href":"https:\/\/montisacn.com\/en\/wp-json\/wp\/v2\/pages\/6806","targetHints":{"allow":["GET"]}}],"collection":[{"href":"https:\/\/montisacn.com\/en\/wp-json\/wp\/v2\/pages"}],"about":[{"href":"https:\/\/montisacn.com\/en\/wp-json\/wp\/v2\/types\/page"}],"author":[{"embeddable":true,"href":"https:\/\/montisacn.com\/en\/wp-json\/wp\/v2\/users\/1"}],"replies":[{"embeddable":true,"href":"https:\/\/montisacn.com\/en\/wp-json\/wp\/v2\/comments?post=6806"}],"version-history":[{"count":14,"href":"https:\/\/montisacn.com\/en\/wp-json\/wp\/v2\/pages\/6806\/revisions"}],"predecessor-version":[{"id":7764,"href":"https:\/\/montisacn.com\/en\/wp-json\/wp\/v2\/pages\/6806\/revisions\/7764"}],"wp:featuredmedia":[{"embeddable":true,"href":"https:\/\/montisacn.com\/en\/wp-json\/wp\/v2\/media\/6768"}],"wp:attachment":[{"href":"https:\/\/montisacn.com\/en\/wp-json\/wp\/v2\/media?parent=6806"}],"curies":[{"name":"wp","href":"https:\/\/api.w.org\/{rel}","templated":true}]}}