{"id":4888,"date":"2021-04-06T12:39:56","date_gmt":"2021-04-06T11:39:56","guid":{"rendered":"https:\/\/montisacn.com\/managed-properties\/aguada-de-baixo\/"},"modified":"2021-04-06T12:39:57","modified_gmt":"2021-04-06T11:39:57","slug":"aguada-de-baixo","status":"publish","type":"page","link":"https:\/\/montisacn.com\/en\/managed-properties\/aguada-de-baixo\/","title":{"rendered":"Aguada de baixo"},"content":{"rendered":"<p>[et_pb_section fb_built=&#8221;1&#8243; fullwidth=&#8221;on&#8221; custom_padding_last_edited=&#8221;on|desktop&#8221; _builder_version=&#8221;4.9.2&#8243; use_background_color_gradient=&#8221;on&#8221; background_color_gradient_start=&#8221;rgba(0,0,0,0.25)&#8221; background_color_gradient_end=&#8221;rgba(0,0,0,0.25)&#8221; background_color_gradient_overlays_image=&#8221;on&#8221; background_image=&#8221;https:\/\/montisacn.com\/wp-content\/uploads\/2021\/04\/IMG_20191207_140752_resized_20191209_093532578-scaled.jpg&#8221; custom_margin=&#8221;|||&#8221; custom_padding=&#8221;30px||30px||true|&#8221; custom_padding_tablet=&#8221;&#8221; custom_padding_phone=&#8221;&#8221; locked=&#8221;off&#8221;][et_pb_fullwidth_header title=&#8221;Aguada de baixo&#8221; background_overlay_color=&#8221;rgba(0,0,0,0)&#8221; _builder_version=&#8221;3.26.3&#8243; title_font=&#8221;|700|on||||||&#8221; title_text_color=&#8221;#ffffff&#8221; title_font_size=&#8221;50px&#8221; content_text_align=&#8221;justify&#8221; content_text_color=&#8221;#ffffff&#8221; background_color=&#8221;rgba(196,196,196,0)&#8221; background_layout=&#8221;light&#8221; custom_margin=&#8221;||||true|false&#8221; custom_padding=&#8221;5px||5px||true|false&#8221; custom_padding_tablet=&#8221;|0%||&#8221; custom_padding_phone=&#8221;0px|0%|0px|0%&#8221; custom_padding_last_edited=&#8221;on|tablet&#8221; button_one_text_size__hover_enabled=&#8221;off&#8221; button_one_text_size__hover=&#8221;null&#8221; button_two_text_size__hover_enabled=&#8221;off&#8221; button_two_text_size__hover=&#8221;null&#8221; button_one_text_color__hover_enabled=&#8221;off&#8221; button_one_text_color__hover=&#8221;null&#8221; button_two_text_color__hover_enabled=&#8221;off&#8221; button_two_text_color__hover=&#8221;null&#8221; button_one_border_width__hover_enabled=&#8221;off&#8221; button_one_border_width__hover=&#8221;null&#8221; button_two_border_width__hover_enabled=&#8221;off&#8221; button_two_border_width__hover=&#8221;null&#8221; button_one_border_color__hover_enabled=&#8221;off&#8221; button_one_border_color__hover=&#8221;null&#8221; button_two_border_color__hover_enabled=&#8221;off&#8221; button_two_border_color__hover=&#8221;null&#8221; button_one_border_radius__hover_enabled=&#8221;off&#8221; button_one_border_radius__hover=&#8221;null&#8221; button_two_border_radius__hover_enabled=&#8221;off&#8221; button_two_border_radius__hover=&#8221;null&#8221; button_one_letter_spacing__hover_enabled=&#8221;off&#8221; button_one_letter_spacing__hover=&#8221;null&#8221; button_two_letter_spacing__hover_enabled=&#8221;off&#8221; button_two_letter_spacing__hover=&#8221;null&#8221; button_one_bg_color__hover_enabled=&#8221;off&#8221; button_one_bg_color__hover=&#8221;null&#8221; button_two_bg_color__hover_enabled=&#8221;off&#8221; button_two_bg_color__hover=&#8221;null&#8221;][\/et_pb_fullwidth_header][\/et_pb_section][et_pb_section fb_built=&#8221;1&#8243; custom_padding_last_edited=&#8221;on|desktop&#8221; _builder_version=&#8221;3.22&#8243; custom_margin=&#8221;0px||0px|&#8221; custom_margin_tablet=&#8221;&#8221; custom_margin_phone=&#8221;&#8221; custom_margin_last_edited=&#8221;on|desktop&#8221; custom_padding=&#8221;0|0px|0px|0px|false|false&#8221; custom_padding_tablet=&#8221;&#8221; custom_padding_phone=&#8221;&#8221;][et_pb_row column_structure=&#8221;1_2,1_2&#8243; use_custom_gutter=&#8221;on&#8221; gutter_width=&#8221;1&#8243; make_equal=&#8221;on&#8221; custom_padding_last_edited=&#8221;on|tablet&#8221; padding_left_right_link_2=&#8221;true&#8221; _builder_version=&#8221;4.9.2&#8243; width=&#8221;100%&#8221; max_width=&#8221;100%&#8221; custom_padding=&#8221;0|0px|0|0px|false|false&#8221; custom_padding_tablet=&#8221;&#8221; custom_padding_phone=&#8221;|||||false&#8221; use_custom_width=&#8221;on&#8221; width_unit=&#8221;off&#8221; custom_width_percent=&#8221;100%&#8221;][et_pb_column type=&#8221;1_2&#8243; _builder_version=&#8221;4.9.2&#8243; background_image=&#8221;https:\/\/montisacn.com\/wp-content\/uploads\/2021\/04\/IMG_20191207_140502_resized_20191209_093537592-scaled.jpg&#8221; custom_padding=&#8221;|||&#8221; custom_padding__hover=&#8221;|||&#8221;][et_pb_divider show_divider=&#8221;off&#8221; _builder_version=&#8221;3.10.2&#8243; height=&#8221;400px&#8221;]<\/p>\n<p>&nbsp;<\/p>\n<p>[\/et_pb_divider][\/et_pb_column][et_pb_column type=&#8221;1_2&#8243; _builder_version=&#8221;3.26.3&#8243; custom_padding=&#8221;|0%|2%|5%|false|false&#8221; custom_padding_tablet=&#8221;|||30%&#8221; custom_padding_phone=&#8221;|10%||10%&#8221; custom_padding_last_edited=&#8221;on|desktop&#8221; custom_padding__hover=&#8221;|||&#8221;][et_pb_text _builder_version=&#8221;3.27.4&#8243; header_2_font=&#8221;|700|on||||||&#8221; header_2_text_align=&#8221;left&#8221; header_2_text_color=&#8221;#000000&#8243; custom_margin=&#8221;5%||0px|&#8221; custom_padding=&#8221;|||&#8221;]<\/p>\n<h2>Framework<\/h2>\n<p>[\/et_pb_text][et_pb_divider divider_weight=&#8221;3&#8243; _builder_version=&#8221;3.10.2&#8243; max_width=&#8221;20%&#8221; height=&#8221;10px&#8221; custom_margin=&#8221;|||&#8221; custom_padding=&#8221;|||&#8221;]<\/p>\n<p>&nbsp;<\/p>\n<p>[\/et_pb_divider][et_pb_text _builder_version=&#8221;4.9.2&#8243; text_orientation=&#8221;justified&#8221; max_width=&#8221;80%&#8221; max_width_tablet=&#8221;&#8221; max_width_phone=&#8221;&#8221; max_width_last_edited=&#8221;on|phone&#8221; custom_margin=&#8221;||||false|false&#8221; custom_margin_tablet=&#8221;&#8221; custom_margin_phone=&#8221;||30px|&#8221; custom_margin_last_edited=&#8221;on|phone&#8221; hover_enabled=&#8221;0&#8243; sticky_enabled=&#8221;0&#8243;]<\/p>\n<p>Aguada is a plot of 0.20 hectares located in the northern area of \u200b\u200bthe village of Aguada de Baixo (40\u00b0 30\u2019 54,28\u201d N; 8\u00b0 27\u2019 20,64\u201d W), Uni\u00e3o de Freguesias de Barr\u00f4 e Aguada de Baixo, in county of \u00c1gueda, Aveiro district. The management of the land results from a management protocol made with the partner Lu\u00eds Lavoura, on an individual basis, with a duration of 10 years, beginning in February 2021 and ending in the same month of 2031.<\/p>\n<p>The property is located between 24 and 32 m, in urban limits.<\/p>\n<p>[\/et_pb_text][\/et_pb_column][\/et_pb_row][et_pb_row column_structure=&#8221;1_2,1_2&#8243; use_custom_gutter=&#8221;on&#8221; gutter_width=&#8221;1&#8243; make_equal=&#8221;on&#8221; padding_left_right_link_1=&#8221;true&#8221; disabled_on=&#8221;off|off|off&#8221; module_class=&#8221;reverse-columns-mobile&#8221; _builder_version=&#8221;4.9.2&#8243; width=&#8221;100%&#8221; max_width=&#8221;100%&#8221; module_alignment=&#8221;left&#8221; custom_margin=&#8221;|0px||0px|true|true&#8221; custom_padding=&#8221;0px|0px|0px|0px&#8221; use_custom_width=&#8221;on&#8221; width_unit=&#8221;off&#8221; custom_width_percent=&#8221;100%&#8221;][et_pb_column type=&#8221;1_2&#8243; _builder_version=&#8221;3.25&#8243; custom_padding=&#8221;2%|5%|15px|5%&#8221; custom_padding__hover=&#8221;|||&#8221;][et_pb_text _builder_version=&#8221;3.27.4&#8243; header_2_font=&#8221;|700|on||||||&#8221; header_2_text_align=&#8221;left&#8221; header_2_text_color=&#8221;#000000&#8243; custom_margin=&#8221;5%||0px|&#8221; custom_padding=&#8221;|||&#8221;]<\/p>\n<h2><strong>Flora<\/strong><\/h2>\n<p>[\/et_pb_text][et_pb_divider divider_weight=&#8221;3&#8243; _builder_version=&#8221;3.10.2&#8243; max_width=&#8221;20%&#8221; height=&#8221;10px&#8221; custom_margin=&#8221;|||&#8221; custom_padding=&#8221;|||&#8221;]<\/p>\n<p>&nbsp;<\/p>\n<p>[\/et_pb_divider][et_pb_text _builder_version=&#8221;4.9.2&#8243; text_text_color=&#8221;#101513&#8243; text_orientation=&#8221;justified&#8221; max_width=&#8221;80%&#8221; max_width_tablet=&#8221;&#8221; max_width_phone=&#8221;&#8221; max_width_last_edited=&#8221;on|phone&#8221; custom_padding=&#8221;||||true&#8221; custom_padding_phone=&#8221;|||&#8221; custom_padding_last_edited=&#8221;off|desktop&#8221; hover_enabled=&#8221;0&#8243; z_index_tablet=&#8221;500&#8243; text_text_shadow_horizontal_length_tablet=&#8221;0px&#8221; text_text_shadow_vertical_length_tablet=&#8221;0px&#8221; text_text_shadow_blur_strength_tablet=&#8221;1px&#8221; link_text_shadow_horizontal_length_tablet=&#8221;0px&#8221; link_text_shadow_vertical_length_tablet=&#8221;0px&#8221; link_text_shadow_blur_strength_tablet=&#8221;1px&#8221; ul_text_shadow_horizontal_length_tablet=&#8221;0px&#8221; ul_text_shadow_vertical_length_tablet=&#8221;0px&#8221; ul_text_shadow_blur_strength_tablet=&#8221;1px&#8221; ol_text_shadow_horizontal_length_tablet=&#8221;0px&#8221; ol_text_shadow_vertical_length_tablet=&#8221;0px&#8221; ol_text_shadow_blur_strength_tablet=&#8221;1px&#8221; quote_text_shadow_horizontal_length_tablet=&#8221;0px&#8221; quote_text_shadow_vertical_length_tablet=&#8221;0px&#8221; quote_text_shadow_blur_strength_tablet=&#8221;1px&#8221; header_text_shadow_horizontal_length_tablet=&#8221;0px&#8221; header_text_shadow_vertical_length_tablet=&#8221;0px&#8221; header_text_shadow_blur_strength_tablet=&#8221;1px&#8221; header_2_text_shadow_horizontal_length_tablet=&#8221;0px&#8221; header_2_text_shadow_vertical_length_tablet=&#8221;0px&#8221; header_2_text_shadow_blur_strength_tablet=&#8221;1px&#8221; header_3_text_shadow_horizontal_length_tablet=&#8221;0px&#8221; header_3_text_shadow_vertical_length_tablet=&#8221;0px&#8221; header_3_text_shadow_blur_strength_tablet=&#8221;1px&#8221; header_4_text_shadow_horizontal_length_tablet=&#8221;0px&#8221; header_4_text_shadow_vertical_length_tablet=&#8221;0px&#8221; header_4_text_shadow_blur_strength_tablet=&#8221;1px&#8221; header_5_text_shadow_horizontal_length_tablet=&#8221;0px&#8221; header_5_text_shadow_vertical_length_tablet=&#8221;0px&#8221; header_5_text_shadow_blur_strength_tablet=&#8221;1px&#8221; header_6_text_shadow_horizontal_length_tablet=&#8221;0px&#8221; header_6_text_shadow_vertical_length_tablet=&#8221;0px&#8221; header_6_text_shadow_blur_strength_tablet=&#8221;1px&#8221; box_shadow_horizontal_tablet=&#8221;0px&#8221; box_shadow_vertical_tablet=&#8221;0px&#8221; box_shadow_blur_tablet=&#8221;40px&#8221; box_shadow_spread_tablet=&#8221;0px&#8221; sticky_enabled=&#8221;0&#8243;]<\/p>\n<p>Recurring vegetation<\/p>\n<ul>\n<li>Pine tree (<em>Pinus pinaster<\/em>)<\/li>\n<li>Common oak (<em>Quercus robur<\/em>)<\/li>\n<li>Cork oak (<em>Quercus suber<\/em>)<\/li>\n<\/ul>\n<p>Ponctual vegetation<\/p>\n<ul>\n<li>Acacia (<em>Acacia dealbata<\/em>)<\/li>\n<li>Butcher&#8217;s-broom (<em><span class=\"Eq0J8 LrzXr kno-fv\">Ruscus aculeatus<\/span><\/em>)<\/li>\n<li>Gorse (<em>Ulex sp.<\/em>)<\/li>\n<li>Eucalyptus (<em>Eucalyptus sp.<\/em>)<\/li>\n<\/ul>\n<p>[\/et_pb_text][\/et_pb_column][et_pb_column type=&#8221;1_2&#8243; _builder_version=&#8221;4.9.2&#8243; background_image=&#8221;https:\/\/montisacn.com\/wp-content\/uploads\/2021\/04\/IMG_20191207_140648_resized_20191209_093535132-scaled.jpg&#8221; custom_padding=&#8221;|||&#8221; custom_padding_tablet=&#8221;&#8221; custom_padding_phone=&#8221;|||&#8221; custom_padding_last_edited=&#8221;on|desktop&#8221; custom_padding__hover=&#8221;|||&#8221;][et_pb_divider show_divider=&#8221;off&#8221; _builder_version=&#8221;4.9.2&#8243; background_enable_image=&#8221;off&#8221; height=&#8221;400px&#8221;][\/et_pb_divider][\/et_pb_column][\/et_pb_row][et_pb_row column_structure=&#8221;1_2,1_2&#8243; use_custom_gutter=&#8221;on&#8221; gutter_width=&#8221;1&#8243; make_equal=&#8221;on&#8221; custom_padding_last_edited=&#8221;on|tablet&#8221; padding_left_right_link_2=&#8221;true&#8221; _builder_version=&#8221;4.9.2&#8243; width=&#8221;100%&#8221; max_width=&#8221;100%&#8221; custom_padding=&#8221;0|0px|0|0px|false|false&#8221; custom_padding_tablet=&#8221;&#8221; custom_padding_phone=&#8221;|||||false&#8221; use_custom_width=&#8221;on&#8221; width_unit=&#8221;off&#8221; custom_width_percent=&#8221;100%&#8221;][et_pb_column type=&#8221;1_2&#8243; _builder_version=&#8221;4.9.2&#8243; background_image=&#8221;https:\/\/montisacn.com\/wp-content\/uploads\/2021\/04\/IMG_20191207_141027_resized_20191209_093540081-scaled.jpg&#8221; custom_padding=&#8221;|||&#8221; custom_padding__hover=&#8221;|||&#8221;][et_pb_divider show_divider=&#8221;off&#8221; _builder_version=&#8221;3.10.2&#8243; height=&#8221;400px&#8221;]<\/p>\n<p>&nbsp;<\/p>\n<p>[\/et_pb_divider][\/et_pb_column][et_pb_column type=&#8221;1_2&#8243; _builder_version=&#8221;3.25&#8243; custom_padding=&#8221;|5%||5%&#8221; custom_padding_tablet=&#8221;|||30%&#8221; custom_padding_phone=&#8221;|10%||10%&#8221; custom_padding_last_edited=&#8221;on|desktop&#8221; custom_padding__hover=&#8221;|||&#8221;][et_pb_text _builder_version=&#8221;3.27.4&#8243; header_2_font=&#8221;|700|on||||||&#8221; header_2_text_align=&#8221;left&#8221; header_2_text_color=&#8221;#000000&#8243; custom_margin=&#8221;5%||0px|&#8221; custom_padding=&#8221;|||&#8221;]<\/p>\n<h2><strong>Management model<br \/><\/strong><\/h2>\n<p>[\/et_pb_text][et_pb_divider divider_weight=&#8221;3&#8243; _builder_version=&#8221;3.26.3&#8243; max_width=&#8221;20%&#8221; height=&#8221;10px&#8221; custom_margin=&#8221;|||&#8221; custom_padding=&#8221;|||&#8221;]<\/p>\n<p>&nbsp;<\/p>\n<p>[\/et_pb_divider][et_pb_text _builder_version=&#8221;4.9.2&#8243; text_text_color=&#8221;#101513&#8243; text_orientation=&#8221;justified&#8221; max_width=&#8221;80%&#8221; max_width_tablet=&#8221;&#8221; max_width_phone=&#8221;&#8221; max_width_last_edited=&#8221;on|phone&#8221; custom_padding=&#8221;0px||0px||true|&#8221; custom_padding_phone=&#8221;|||&#8221; custom_padding_last_edited=&#8221;off|desktop&#8221; hover_enabled=&#8221;0&#8243; sticky_enabled=&#8221;0&#8243;]<\/p>\n<p>The MONTIS approach is aimed at strengthening natural processes, with the aim of enhancing renaturalization and increasing biodiversity. It is intended to make the managed properties more resilient to disturbances, namely to fire.<\/p>\n<p>The main objectives of the management of this property are:<\/p>\n<ul>\n<li>Support the natural processes<\/li>\n<li>Control invasive species<\/li>\n<li>Valuing natural assets<\/li>\n<li>Support a process of development of native vegetation<\/li>\n<li>Support actions<\/li>\n<\/ul>\n<p>[\/et_pb_text][\/et_pb_column][\/et_pb_row][\/et_pb_section][et_pb_section fb_built=&#8221;1&#8243; _builder_version=&#8221;3.22&#8243; custom_padding=&#8221;60.75px|0px|0|0px|false|false&#8221;][et_pb_row _builder_version=&#8221;3.25&#8243; background_size=&#8221;initial&#8221; background_position=&#8221;top_left&#8221; background_repeat=&#8221;repeat&#8221;][et_pb_column type=&#8221;4_4&#8243; _builder_version=&#8221;3.25&#8243; custom_padding=&#8221;|||&#8221; custom_padding__hover=&#8221;|||&#8221;][et_pb_text _builder_version=&#8221;3.27.4&#8243; header_2_font=&#8221;|700|on||||||&#8221; header_2_text_align=&#8221;center&#8221; header_2_font_size=&#8221;35px&#8221; header_2_font_size_tablet=&#8221;30px&#8221; header_2_font_size_phone=&#8221;18px&#8221; header_2_font_size_last_edited=&#8221;on|phone&#8221;]<\/p>\n<h2><img loading=\"lazy\" decoding=\"async\" class=\"wp-image-161 alignnone size-full\" src=\"https:\/\/montisacn.com\/wp-content\/uploads\/2018\/07\/Barra.jpg\" alt=\"\" width=\"50\" height=\"2\" \/>\u00a0 Gallery\u00a0 <img loading=\"lazy\" decoding=\"async\" class=\"wp-image-161 alignnone size-full\" src=\"https:\/\/montisacn.com\/wp-content\/uploads\/2018\/07\/Barra.jpg\" alt=\"\" width=\"50\" height=\"2\" \/><\/h2>\n<p>[\/et_pb_text][\/et_pb_column][\/et_pb_row][et_pb_row _builder_version=&#8221;3.26.3&#8243; background_size=&#8221;initial&#8221; background_position=&#8221;top_left&#8221; background_repeat=&#8221;repeat&#8221; module_alignment=&#8221;center&#8221; custom_padding=&#8221;30.375px|0px|0|0px|false|false&#8221;][et_pb_column type=&#8221;4_4&#8243; _builder_version=&#8221;3.25&#8243; custom_padding=&#8221;|||&#8221; custom_padding__hover=&#8221;|||&#8221;][et_pb_gallery gallery_ids=&#8221;4580,4582,4584,4586,4588&#8243; db_images_per_row=&#8221;4&#8243; db_image_max_width_tablet=&#8221;51&#8243; db_image_max_height_tablet=&#8221;501&#8243; db_image_row_spacing_tablet=&#8221;51&#8243; db_image_center_titles=&#8221;left&#8221; db_image_object_fit=&#8221;none&#8221; dbdb_version=&#8221;3.3.9&#8243; show_title_and_caption=&#8221;off&#8221; zoom_icon_color=&#8221;#ef5c13&#8243; hover_overlay_color=&#8221;rgba(0,0,0,0.5)&#8221; hover_icon=&#8221;%%51%%&#8221; _builder_version=&#8221;3.26.3&#8243; custom_css_gallery_item=&#8221;padding:1px;&#8221;]<\/p>\n<p>\n&nbsp;<\/p>\n<p>[\/et_pb_gallery][\/et_pb_column][\/et_pb_row][\/et_pb_section]<\/p>\n","protected":false},"excerpt":{"rendered":"<p>&nbsp;Framework&nbsp;Aguada is a plot of 0.20 hectares located in the northern area of \u200b\u200bthe village of Aguada de Baixo (40\u00b0 30\u2019 54,28\u201d N; 8\u00b0 27\u2019 20,64\u201d W), Uni\u00e3o de Freguesias de Barr\u00f4 e Aguada de Baixo, in county of \u00c1gueda, Aveiro district. The management of the land results from a management protocol made with the [&hellip;]<\/p>\n","protected":false},"author":8,"featured_media":0,"parent":4047,"menu_order":0,"comment_status":"closed","ping_status":"closed","template":"","meta":{"_et_pb_use_builder":"on","_et_pb_old_content":"","_et_gb_content_width":"","footnotes":""},"class_list":["post-4888","page","type-page","status-publish","hentry"],"_links":{"self":[{"href":"https:\/\/montisacn.com\/en\/wp-json\/wp\/v2\/pages\/4888","targetHints":{"allow":["GET"]}}],"collection":[{"href":"https:\/\/montisacn.com\/en\/wp-json\/wp\/v2\/pages"}],"about":[{"href":"https:\/\/montisacn.com\/en\/wp-json\/wp\/v2\/types\/page"}],"author":[{"embeddable":true,"href":"https:\/\/montisacn.com\/en\/wp-json\/wp\/v2\/users\/8"}],"replies":[{"embeddable":true,"href":"https:\/\/montisacn.com\/en\/wp-json\/wp\/v2\/comments?post=4888"}],"version-history":[{"count":2,"href":"https:\/\/montisacn.com\/en\/wp-json\/wp\/v2\/pages\/4888\/revisions"}],"predecessor-version":[{"id":4890,"href":"https:\/\/montisacn.com\/en\/wp-json\/wp\/v2\/pages\/4888\/revisions\/4890"}],"up":[{"embeddable":true,"href":"https:\/\/montisacn.com\/en\/wp-json\/wp\/v2\/pages\/4047"}],"wp:attachment":[{"href":"https:\/\/montisacn.com\/en\/wp-json\/wp\/v2\/media?parent=4888"}],"curies":[{"name":"wp","href":"https:\/\/api.w.org\/{rel}","templated":true}]}}