{"id":4401,"date":"2021-03-10T10:50:17","date_gmt":"2021-03-10T10:50:17","guid":{"rendered":"https:\/\/montisacn.com\/support-now\/"},"modified":"2024-06-23T11:29:12","modified_gmt":"2024-06-23T10:29:12","slug":"support-now","status":"publish","type":"page","link":"https:\/\/montisacn.com\/en\/support-now\/","title":{"rendered":"Support now"},"content":{"rendered":"<p>[et_pb_section fb_built=&#8221;1&#8243; fullwidth=&#8221;on&#8221; _builder_version=&#8221;3.26.3&#8243; background_color=&#8221;rgba(0,0,0,0)&#8221; background_image=&#8221;https:\/\/montisacn.com\/wp-content\/uploads\/2020\/09\/20200806_085413-scaled.jpg&#8221; parallax=&#8221;on&#8221; parallax_method=&#8221;off&#8221;][et_pb_fullwidth_header text_orientation=&#8221;center&#8221; _builder_version=&#8221;3.26.3&#8243; title_font_size=&#8221;36px&#8221; background_color=&#8221;rgba(0,0,0,0)&#8221; custom_padding=&#8221;26px||12px|||&#8221; title_text_shadow_style=&#8221;preset1&#8243;]<\/p>\n<h1><img loading=\"lazy\" decoding=\"async\" class=\"wp-image-161 alignnone size-full\" src=\"https:\/\/montisacn.com\/wp-content\/uploads\/2018\/07\/Barra.jpg\" alt=\"\" width=\"50\" height=\"2\" \/>\u00a0 Support our programmes\u00a0 <img loading=\"lazy\" decoding=\"async\" class=\"wp-image-161 alignnone size-full\" src=\"https:\/\/montisacn.com\/wp-content\/uploads\/2018\/07\/Barra.jpg\" alt=\"\" width=\"50\" height=\"2\" \/><\/h1>\n<p>[\/et_pb_fullwidth_header][\/et_pb_section][et_pb_section fb_built=&#8221;1&#8243; _builder_version=&#8221;3.22&#8243; custom_padding=&#8221;0px||0px|||&#8221;][et_pb_row column_structure=&#8221;1_2,1_2&#8243; _builder_version=&#8221;3.26.3&#8243;][et_pb_column type=&#8221;1_2&#8243; _builder_version=&#8221;3.26.3&#8243;][et_pb_text _builder_version=&#8221;3.27.4&#8243; header_2_font=&#8221;|700|on||||||&#8221; header_2_text_align=&#8221;center&#8221; header_2_font_size=&#8221;35px&#8221; custom_margin=&#8221;29px||24px|||&#8221; header_2_font_size_tablet=&#8221;30px&#8221; header_2_font_size_phone=&#8221;18px&#8221; header_2_font_size_last_edited=&#8221;on|phone&#8221;]<\/p>\n<h2><img loading=\"lazy\" decoding=\"async\" class=\"wp-image-161 alignnone size-full\" src=\"https:\/\/montisacn.com\/wp-content\/uploads\/2018\/07\/Barra.jpg\" alt=\"\" width=\"50\" height=\"2\" \/>\u00a0 Donations\u00a0 <img loading=\"lazy\" decoding=\"async\" class=\"wp-image-161 alignnone size-full\" src=\"https:\/\/montisacn.com\/wp-content\/uploads\/2018\/07\/Barra.jpg\" alt=\"\" width=\"50\" height=\"2\" \/><\/h2>\n<p>[\/et_pb_text][et_pb_text _builder_version=&#8221;3.27.4&#8243; custom_margin=&#8221;||1px|||&#8221;]<\/p>\n<p>You can make a donation to one of our financing programs using the data below<\/p>\n<p style=\"text-align: justify;\"><span style=\"font-size: 14px;\">After the donation send us a proof of payment with the name of the program you want to support. You will receive a confirmation and will be able to follow the developments of MONTIS work on our <a href=\"http:\/\/montisacn.blogspot.com\" target=\"_blank\" rel=\"noopener noreferrer\">blog<\/a>.<\/span><\/p>\n<p>[\/et_pb_text][et_pb_toggle title=&#8221;Bank Transfer&#8221; open=&#8221;on&#8221; _builder_version=&#8221;4.9.2&#8243; title_text_color=&#8221;#e06100&#8243; hover_enabled=&#8221;0&#8243; sticky_enabled=&#8221;0&#8243;]<\/p>\n<p>MONTIS &#8211; Associa\u00e7\u00e3o para a Gest\u00e3o e Conserva\u00e7\u00e3o da Natureza<br \/>Cr\u00e9dito Agr\u00edcola &#8211; IBAN PT50 0045 3190 4026391995615<br \/>BIC\/SWIFT: CCCMPTPL<\/p>\n<p>[\/et_pb_toggle][et_pb_toggle title=&#8221;PAYPAL&#8221; open=&#8221;on&#8221; _builder_version=&#8221;3.26.3&#8243; title_text_color=&#8221;#e06100&#8243;]<\/p>\n<p><span>www.paypal.me\/montisacn<\/span><\/p>\n<p>[\/et_pb_toggle][et_pb_toggle title=&#8221;MBWAY&#8221; open=&#8221;on&#8221; _builder_version=&#8221;3.26.3&#8243; title_text_color=&#8221;#e06100&#8243;]<\/p>\n<p><span>925 840 014<\/span><\/p>\n<p>[\/et_pb_toggle][\/et_pb_column][et_pb_column type=&#8221;1_2&#8243; _builder_version=&#8221;3.26.3&#8243;][et_pb_text _builder_version=&#8221;3.27.4&#8243; header_2_font=&#8221;|700|on||||||&#8221; header_2_text_align=&#8221;center&#8221; header_2_font_size=&#8221;35px&#8221; custom_margin=&#8221;29px||24px|||&#8221; header_2_font_size_tablet=&#8221;30px&#8221; header_2_font_size_phone=&#8221;18px&#8221; header_2_font_size_last_edited=&#8221;on|phone&#8221;]<\/p>\n<h2><img loading=\"lazy\" decoding=\"async\" class=\"wp-image-161 alignnone size-full\" src=\"https:\/\/montisacn.com\/wp-content\/uploads\/2018\/07\/Barra.jpg\" alt=\"\" width=\"50\" height=\"2\" \/> Patronize <img loading=\"lazy\" decoding=\"async\" class=\"wp-image-161 alignnone size-full\" src=\"https:\/\/montisacn.com\/wp-content\/uploads\/2018\/07\/Barra.jpg\" alt=\"\" width=\"50\" height=\"2\" \/><\/h2>\n<p>[\/et_pb_text][et_pb_text _builder_version=&#8221;3.27.4&#8243; custom_margin=&#8221;||5px|||&#8221;]<\/p>\n<p style=\"text-align: justify;\"><span style=\"font-size: 14px;\">If you want a more direct involvement with a specific program, or with parts of a program, it is possible to sponsor it.<br \/><\/span><\/p>\n<p style=\"text-align: justify;\">You can sponsor the program in its entirety, financing its full implementation, or sponsor specific actions (for example an international workcamp, BioBlitz, workshops, parcel of a managed area, etc&#8230;).<\/p>\n<p style=\"text-align: justify;\">To sponsor please contact us via email montisacn@gmail.com.<\/p>\n<p>&nbsp;<\/p>\n<p>[\/et_pb_text][et_pb_button button_url=&#8221;https:\/\/montisacn.com\/en\/contacts\/&#8221; url_new_window=&#8221;on&#8221; button_text=&#8221;CONTACTS&#8221; button_alignment=&#8221;center&#8221; _builder_version=&#8221;3.26.3&#8243;][\/et_pb_button][\/et_pb_column][\/et_pb_row][\/et_pb_section][et_pb_section fb_built=&#8221;1&#8243; custom_padding_last_edited=&#8221;on|desktop&#8221; disabled_on=&#8221;on|on|on&#8221; _builder_version=&#8221;3.22&#8243; custom_margin=&#8221;|||&#8221; custom_padding=&#8221;0px|0px|0|0|false|false&#8221; custom_padding_tablet=&#8221;|0px||&#8221; custom_padding_phone=&#8221;&#8221; disabled=&#8221;on&#8221;][et_pb_row column_structure=&#8221;1_2,1_2&#8243; _builder_version=&#8221;3.25&#8243; background_size=&#8221;initial&#8221; background_position=&#8221;top_left&#8221; background_repeat=&#8221;repeat&#8221;][et_pb_column type=&#8221;1_2&#8243; _builder_version=&#8221;3.25&#8243; custom_padding=&#8221;|||&#8221; custom_padding__hover=&#8221;|||&#8221;][et_pb_video src=&#8221;https:\/\/www.youtube.com\/watch?v=t-hYYZTm-b4&#8243; _builder_version=&#8221;3.26.3&#8243; z_index_tablet=&#8221;500&#8243; box_shadow_horizontal_tablet=&#8221;0px&#8221; box_shadow_vertical_tablet=&#8221;0px&#8221; box_shadow_blur_tablet=&#8221;40px&#8221; box_shadow_spread_tablet=&#8221;0px&#8221;][\/et_pb_video][\/et_pb_column][et_pb_column type=&#8221;1_2&#8243; _builder_version=&#8221;3.25&#8243; custom_padding=&#8221;|||&#8221; custom_padding__hover=&#8221;|||&#8221;][et_pb_video src=&#8221;https:\/\/www.youtube.com\/watch?v=WWqhFXQFFXk&#8221; _builder_version=&#8221;3.26.3&#8243; z_index_tablet=&#8221;500&#8243; box_shadow_horizontal_tablet=&#8221;0px&#8221; box_shadow_vertical_tablet=&#8221;0px&#8221; box_shadow_blur_tablet=&#8221;40px&#8221; box_shadow_spread_tablet=&#8221;0px&#8221;][\/et_pb_video][\/et_pb_column][\/et_pb_row][\/et_pb_section]<\/p>\n","protected":false},"excerpt":{"rendered":"<p>\u00a0 Support our programmes\u00a0 \u00a0 Donations\u00a0 You can make a donation to one of our financing programs using the data below After the donation send us a proof of payment with the name of the program you want to support. You will receive a confirmation and will be able to follow the developments of MONTIS [&hellip;]<\/p>\n","protected":false},"author":4,"featured_media":4402,"parent":0,"menu_order":0,"comment_status":"closed","ping_status":"closed","template":"","meta":{"_et_pb_use_builder":"on","_et_pb_old_content":"","_et_gb_content_width":"","footnotes":""},"class_list":["post-4401","page","type-page","status-publish","has-post-thumbnail","hentry"],"_links":{"self":[{"href":"https:\/\/montisacn.com\/en\/wp-json\/wp\/v2\/pages\/4401","targetHints":{"allow":["GET"]}}],"collection":[{"href":"https:\/\/montisacn.com\/en\/wp-json\/wp\/v2\/pages"}],"about":[{"href":"https:\/\/montisacn.com\/en\/wp-json\/wp\/v2\/types\/page"}],"author":[{"embeddable":true,"href":"https:\/\/montisacn.com\/en\/wp-json\/wp\/v2\/users\/4"}],"replies":[{"embeddable":true,"href":"https:\/\/montisacn.com\/en\/wp-json\/wp\/v2\/comments?post=4401"}],"version-history":[{"count":5,"href":"https:\/\/montisacn.com\/en\/wp-json\/wp\/v2\/pages\/4401\/revisions"}],"predecessor-version":[{"id":6817,"href":"https:\/\/montisacn.com\/en\/wp-json\/wp\/v2\/pages\/4401\/revisions\/6817"}],"wp:featuredmedia":[{"embeddable":true,"href":"https:\/\/montisacn.com\/en\/wp-json\/wp\/v2\/media\/4402"}],"wp:attachment":[{"href":"https:\/\/montisacn.com\/en\/wp-json\/wp\/v2\/media?parent=4401"}],"curies":[{"name":"wp","href":"https:\/\/api.w.org\/{rel}","templated":true}]}}